{"id":79,"date":"2018-06-04T11:27:54","date_gmt":"2018-06-04T11:27:54","guid":{"rendered":"http:\/\/www.leteckykuryr.cz\/?page_id=79"},"modified":"2018-06-04T11:27:54","modified_gmt":"2018-06-04T11:27:54","slug":"objednavky","status":"publish","type":"page","link":"https:\/\/www.leteckykuryr.cz\/index.php\/objednavky\/","title":{"rendered":"Objedn\u00e1vky"},"content":{"rendered":"<div class=\"wpforms-container wpforms-container-full\" id=\"wpforms-78\"><form id=\"wpforms-form-78\" class=\"wpforms-validate wpforms-form\" data-formid=\"78\" method=\"post\" enctype=\"multipart\/form-data\" action=\"\/index.php\/wp-json\/wp\/v2\/pages\/79\" data-token=\"bef122e51a338c14edcaec15c2a875ee\"><div class=\"wpforms-head-container\"><\/div><noscript class=\"wpforms-error-noscript\">Chcete-li vyplnit tento formul\u00e1\u0159, pros\u00edm povolte v prohl\u00ed\u017ee\u010di JavaScript.<\/noscript><div class=\"wpforms-field-container\"><div id=\"wpforms-78-field_0-container\" class=\"wpforms-field wpforms-field-name\" data-field-id=\"0\"><label class=\"wpforms-field-label\" for=\"wpforms-78-field_0\">Jm\u00e9no <span class=\"wpforms-required-label\">*<\/span><\/label><input type=\"text\" id=\"wpforms-78-field_0\" class=\"wpforms-field-medium wpforms-field-required\" name=\"wpforms[fields][0]\" required><\/div><div id=\"wpforms-78-field_1-container\" class=\"wpforms-field wpforms-field-email\" data-field-id=\"1\"><label class=\"wpforms-field-label\" for=\"wpforms-78-field_1\">Email <span class=\"wpforms-required-label\">*<\/span><\/label><input type=\"email\" id=\"wpforms-78-field_1\" class=\"wpforms-field-medium wpforms-field-required\" name=\"wpforms[fields][1]\" spellcheck=\"false\" required><\/div><div id=\"wpforms-78-field_5-container\" class=\"wpforms-field wpforms-field-checkbox wpforms-list-2-columns\" data-field-id=\"5\"><label class=\"wpforms-field-label\" for=\"wpforms-78-field_5\">M\u00e1m z\u00e1jem o: <span class=\"wpforms-required-label\">*<\/span><\/label><ul id=\"wpforms-78-field_5\" class=\"wpforms-field-required\"><li class=\"choice-1 depth-1\"><input type=\"checkbox\" id=\"wpforms-78-field_5_1\" name=\"wpforms[fields][5][]\" value=\"Aerotaxi\" required ><label class=\"wpforms-field-label-inline\" for=\"wpforms-78-field_5_1\">Aerotaxi<\/label><\/li><li class=\"choice-2 depth-1\"><input type=\"checkbox\" id=\"wpforms-78-field_5_2\" name=\"wpforms[fields][5][]\" value=\"Vyhl\u00eddkov\u00e9 lety\" required ><label class=\"wpforms-field-label-inline\" for=\"wpforms-78-field_5_2\">Vyhl\u00eddkov\u00e9 lety<\/label><\/li><li class=\"choice-3 depth-1\"><input type=\"checkbox\" id=\"wpforms-78-field_5_3\" name=\"wpforms[fields][5][]\" value=\"Leteck\u00e1 doprava - cargo\" required ><label class=\"wpforms-field-label-inline\" for=\"wpforms-78-field_5_3\">Leteck\u00e1 doprava - cargo<\/label><\/li><li class=\"choice-4 depth-1\"><input type=\"checkbox\" id=\"wpforms-78-field_5_4\" name=\"wpforms[fields][5][]\" value=\"Servisn\u00ed pr\u00e1ce\" required ><label class=\"wpforms-field-label-inline\" for=\"wpforms-78-field_5_4\">Servisn\u00ed pr\u00e1ce<\/label><\/li><\/ul><\/div><div id=\"wpforms-78-field_2-container\" class=\"wpforms-field wpforms-field-textarea\" data-field-id=\"2\"><label class=\"wpforms-field-label\" for=\"wpforms-78-field_2\">Zde n\u00e1m napi\u0161te zpr\u00e1vu: <span class=\"wpforms-required-label\">*<\/span><\/label><textarea id=\"wpforms-78-field_2\" class=\"wpforms-field-medium wpforms-field-required\" name=\"wpforms[fields][2]\" required><\/textarea><\/div><div id=\"wpforms-78-field_8-container\" class=\"wpforms-field wpforms-field-textarea\" data-field-id=\"8\"><label class=\"wpforms-field-label\" for=\"wpforms-78-field_8\">Paragraph Text<\/label><textarea id=\"wpforms-78-field_8\" class=\"wpforms-field-medium\" name=\"wpforms[fields][8]\" ><\/textarea><\/div><\/div><!-- .wpforms-field-container --><div class=\"wpforms-field wpforms-field-hp\"><label for=\"wpforms-78-field-hp\" class=\"wpforms-field-label\">Website<\/label><input type=\"text\" name=\"wpforms[hp]\" id=\"wpforms-78-field-hp\" class=\"wpforms-field-medium\"><\/div><div class=\"wpforms-submit-container\" ><input type=\"hidden\" name=\"wpforms[id]\" value=\"78\"><input type=\"hidden\" name=\"wpforms[author]\" value=\"1\"><button type=\"submit\" name=\"wpforms[submit]\" id=\"wpforms-submit-78\" class=\"wpforms-submit\" data-alt-text=\"Odes\u00edl\u00e1m ...\" data-submit-text=\"Odeslat\" aria-live=\"assertive\" value=\"wpforms-submit\">Odeslat<\/button><\/div><\/form><\/div>  <!-- .wpforms-container -->\n","protected":false},"excerpt":{"rendered":"","protected":false},"author":1,"featured_media":0,"parent":0,"menu_order":0,"comment_status":"closed","ping_status":"closed","template":"","meta":{"om_disable_all_campaigns":false,"_monsterinsights_skip_tracking":false,"_monsterinsights_sitenote_active":false,"_monsterinsights_sitenote_note":"","_monsterinsights_sitenote_category":0},"aioseo_notices":[],"_links":{"self":[{"href":"https:\/\/www.leteckykuryr.cz\/index.php\/wp-json\/wp\/v2\/pages\/79"}],"collection":[{"href":"https:\/\/www.leteckykuryr.cz\/index.php\/wp-json\/wp\/v2\/pages"}],"about":[{"href":"https:\/\/www.leteckykuryr.cz\/index.php\/wp-json\/wp\/v2\/types\/page"}],"author":[{"embeddable":true,"href":"https:\/\/www.leteckykuryr.cz\/index.php\/wp-json\/wp\/v2\/users\/1"}],"replies":[{"embeddable":true,"href":"https:\/\/www.leteckykuryr.cz\/index.php\/wp-json\/wp\/v2\/comments?post=79"}],"version-history":[{"count":1,"href":"https:\/\/www.leteckykuryr.cz\/index.php\/wp-json\/wp\/v2\/pages\/79\/revisions"}],"predecessor-version":[{"id":80,"href":"https:\/\/www.leteckykuryr.cz\/index.php\/wp-json\/wp\/v2\/pages\/79\/revisions\/80"}],"wp:attachment":[{"href":"https:\/\/www.leteckykuryr.cz\/index.php\/wp-json\/wp\/v2\/media?parent=79"}],"curies":[{"name":"wp","href":"https:\/\/api.w.org\/{rel}","templated":true}]}}