{"id":63,"date":"2018-06-03T21:50:30","date_gmt":"2018-06-03T21:50:30","guid":{"rendered":"http:\/\/www.leteckykuryr.cz\/?page_id=63"},"modified":"2023-07-13T16:29:01","modified_gmt":"2023-07-13T16:29:01","slug":"kontakty","status":"publish","type":"page","link":"https:\/\/www.leteckykuryr.cz\/index.php\/kontakty\/","title":{"rendered":"Kontakty"},"content":{"rendered":"<p>Pro objedn\u00e1vky slu\u017eeb volejte\u00a0<strong>+420 603 357 430 <\/strong>nebo pi\u0161te na email <strong><a href=\"mailto:rezervace@leteckykuryr.cz\">rezervace@leteckykuryr.cz<\/a><\/strong><\/p>\n<p>Zaji\u0161t\u011bn\u00ed servisn\u00edch prac\u00ed: <strong><a href=\"mailto:servis@leteckykuryr.cz\">servis@leteckykuryr.cz<\/a><\/strong><\/p>\n","protected":false},"excerpt":{"rendered":"<p>Pro objedn\u00e1vky slu\u017eeb volejte\u00a0+420 603 357 430 nebo pi\u0161te na email rezervace@leteckykuryr.cz Zaji\u0161t\u011bn\u00ed servisn\u00edch prac\u00ed: servis@leteckykuryr.cz<\/p>\n","protected":false},"author":1,"featured_media":0,"parent":0,"menu_order":0,"comment_status":"closed","ping_status":"closed","template":"","meta":{"om_disable_all_campaigns":false,"_monsterinsights_skip_tracking":false,"_monsterinsights_sitenote_active":false,"_monsterinsights_sitenote_note":"","_monsterinsights_sitenote_category":0},"aioseo_notices":[],"_links":{"self":[{"href":"https:\/\/www.leteckykuryr.cz\/index.php\/wp-json\/wp\/v2\/pages\/63"}],"collection":[{"href":"https:\/\/www.leteckykuryr.cz\/index.php\/wp-json\/wp\/v2\/pages"}],"about":[{"href":"https:\/\/www.leteckykuryr.cz\/index.php\/wp-json\/wp\/v2\/types\/page"}],"author":[{"embeddable":true,"href":"https:\/\/www.leteckykuryr.cz\/index.php\/wp-json\/wp\/v2\/users\/1"}],"replies":[{"embeddable":true,"href":"https:\/\/www.leteckykuryr.cz\/index.php\/wp-json\/wp\/v2\/comments?post=63"}],"version-history":[{"count":7,"href":"https:\/\/www.leteckykuryr.cz\/index.php\/wp-json\/wp\/v2\/pages\/63\/revisions"}],"predecessor-version":[{"id":266,"href":"https:\/\/www.leteckykuryr.cz\/index.php\/wp-json\/wp\/v2\/pages\/63\/revisions\/266"}],"wp:attachment":[{"href":"https:\/\/www.leteckykuryr.cz\/index.php\/wp-json\/wp\/v2\/media?parent=63"}],"curies":[{"name":"wp","href":"https:\/\/api.w.org\/{rel}","templated":true}]}}