{"id":33,"date":"2018-06-03T21:22:30","date_gmt":"2018-06-03T21:22:30","guid":{"rendered":"http:\/\/www.leteckykuryr.cz\/?page_id=33"},"modified":"2018-06-06T08:26:17","modified_gmt":"2018-06-06T08:26:17","slug":"servisni-sluzby","status":"publish","type":"page","link":"https:\/\/www.leteckykuryr.cz\/index.php\/servisni-sluzby\/","title":{"rendered":"Servisn\u00ed slu\u017eby"},"content":{"rendered":"<p><strong>Overhauling motor\u016f<\/strong> &#8211; slova, kter\u00e1 v\u0161echny majitele a provozovatele letadel tak trochu d\u011bs\u00ed. Velk\u00e9 investice, nejistota term\u00edn\u016f, obvykle spojen\u00e1 s dopravou motor\u016f p\u0159es polovinu Evropy p\u0159\u00edpadn\u00e9 do Spojen\u00fdch St\u00e1t\u016f a zp\u00e1tky. Aktu\u00e1ln\u011b v Evrop\u011b existuje n\u011bkolik servisn\u00edch center pro nej\u010dast\u011bji pou\u017e\u00edvan\u00e9 leteck\u00e9 motory Lycoming a Continental, kter\u00e9 garantuj\u00ed gener\u00e1ln\u00ed opravu sp\u00ed\u0161e v \u0159\u00e1du n\u011bkolika m\u011bs\u00edc\u016f. Re\u00e1ln\u011b to znamen\u00e1 odstavit letadlo na 4 a\u017e 6 m\u011bs\u00edc\u016f. Na druh\u00e9 stran\u011b panuje obava s celn\u00edch poplatk\u016f a slo\u017eit\u00e9 dopravy motor\u016f do USA. <\/p>\n<p><strong>N\u00e1m se to v\u0161ak povedlo vy\u0159e\u0161it.<\/strong> M\u00e1me n\u011bkolik smluvn\u00edch servisn\u00edch center v USA, (certifikovan\u00fdch FAA i EASA), kter\u00e9 jsou schopn\u00e9 zajistit opravu motor\u016f v \u0159\u00e1du 6-8 t\u00fddn\u016f od doru\u010den\u00ed. Z\u00e1rove\u0148 m\u00e1me zaji\u0161t\u011bnou smluvn\u00ed leteckou dopravu motor\u016f mezi Evropou a USA, v\u010d. pln\u011bn\u00ed v\u0161ech p\u0159\u00edsn\u00fdch z\u00e1konn\u00fdch norem na kvalitu balen\u00ed motor\u016f, kter\u00e9 plat\u00ed p\u0159i dovozu do USA. <\/p>\n<p>R\u00e1d V\u00e1m vypracujeme konkr\u00e9tn\u00ed nab\u00eddku.<br \/>\nPro dotazy nebo objedn\u00e1n\u00ed volejte <strong>+420 603 357 430<\/strong> nebo <a href=\"http:\/\/www.leteckykuryr.cz\/index.php\/objednavky\/\">n\u00e1m napi\u0161te<\/a>.<\/p>\n","protected":false},"excerpt":{"rendered":"<p>Overhauling motor\u016f &#8211; slova, kter\u00e1 v\u0161echny majitele a provozovatele letadel tak trochu d\u011bs\u00ed. Velk\u00e9 investice, nejistota term\u00edn\u016f, obvykle spojen\u00e1 s dopravou motor\u016f p\u0159es polovinu Evropy p\u0159\u00edpadn\u00e9 do Spojen\u00fdch St\u00e1t\u016f a zp\u00e1tky. Aktu\u00e1ln\u011b v Evrop\u011b existuje n\u011bkolik servisn\u00edch center pro nej\u010dast\u011bji pou\u017e\u00edvan\u00e9 leteck\u00e9 motory Lycoming a Continental, kter\u00e9 garantuj\u00ed gener\u00e1ln\u00ed opravu sp\u00ed\u0161e v \u0159\u00e1du n\u011bkolika m\u011bs\u00edc\u016f. [&hellip;]<\/p>\n","protected":false},"author":1,"featured_media":0,"parent":0,"menu_order":0,"comment_status":"closed","ping_status":"closed","template":"","meta":{"om_disable_all_campaigns":false,"_monsterinsights_skip_tracking":false,"_monsterinsights_sitenote_active":false,"_monsterinsights_sitenote_note":"","_monsterinsights_sitenote_category":0},"aioseo_notices":[],"_links":{"self":[{"href":"https:\/\/www.leteckykuryr.cz\/index.php\/wp-json\/wp\/v2\/pages\/33"}],"collection":[{"href":"https:\/\/www.leteckykuryr.cz\/index.php\/wp-json\/wp\/v2\/pages"}],"about":[{"href":"https:\/\/www.leteckykuryr.cz\/index.php\/wp-json\/wp\/v2\/types\/page"}],"author":[{"embeddable":true,"href":"https:\/\/www.leteckykuryr.cz\/index.php\/wp-json\/wp\/v2\/users\/1"}],"replies":[{"embeddable":true,"href":"https:\/\/www.leteckykuryr.cz\/index.php\/wp-json\/wp\/v2\/comments?post=33"}],"version-history":[{"count":7,"href":"https:\/\/www.leteckykuryr.cz\/index.php\/wp-json\/wp\/v2\/pages\/33\/revisions"}],"predecessor-version":[{"id":105,"href":"https:\/\/www.leteckykuryr.cz\/index.php\/wp-json\/wp\/v2\/pages\/33\/revisions\/105"}],"wp:attachment":[{"href":"https:\/\/www.leteckykuryr.cz\/index.php\/wp-json\/wp\/v2\/media?parent=33"}],"curies":[{"name":"wp","href":"https:\/\/api.w.org\/{rel}","templated":true}]}}