{"id":32,"date":"2018-06-03T21:22:30","date_gmt":"2018-06-03T21:22:30","guid":{"rendered":"http:\/\/www.leteckykuryr.cz\/?page_id=32"},"modified":"2018-07-01T21:38:57","modified_gmt":"2018-07-01T21:38:57","slug":"zazitkove-letani","status":"publish","type":"page","link":"https:\/\/www.leteckykuryr.cz\/index.php\/zazitkove-letani\/","title":{"rendered":"Z\u00e1\u017eitkov\u00e9 l\u00e9t\u00e1n\u00ed"},"content":{"rendered":"<p><strong>D\u016fle\u017eit\u00e9 upozorn\u011bn\u00ed &#8211; l\u00e9t\u00e1n\u00ed zp\u016fsobuje t\u011b\u017ekou z\u00e1vislost \ud83d\ude42<\/strong><\/p>\n<p>Je v\u011bdecky dok\u00e1zan\u00e9, \u017ee l\u00e9t\u00e1n\u00ed m\u011bn\u00ed osobnost. Kdo jednou zkusil, u\u017e neodol\u00e1. A\u0165 u\u017e se jedn\u00e1 o poklidn\u00e9 koch\u00e1n\u00ed se krajinou nebo p\u0159et\u00ed\u017een\u00ed n\u011bkolika G v adrenal\u00ednov\u00fdch akrobatick\u00fdch man\u00e9vrech, ka\u017ed\u00fd takov\u00fd z\u00e1\u017eitek vykouzl\u00ed \u00fasm\u011bv od ucha k uchu a mozek chce po\u0159\u00e1d v\u00edce a v\u00edce.<\/p>\n<p>Ide\u00e1ln\u00ed d\u00e1rek, na kter\u00fd se nezapom\u00edn\u00e1. Napi\u0161te n\u00e1m sv\u00e9 p\u0159edstavy a obratem V\u00e1m navrhneme a doporu\u010d\u00edme ide\u00e1ln\u00ed trasu a d\u00e9lku letu. D\u00e1le se dozv\u00edte se spoustu zaj\u00edmavost\u00ed o l\u00e9t\u00e1n\u00ed i Va\u0161\u00ed trase. Kone\u010dn\u00e1 volba je jen na v\u00e1s, z\u00e1le\u017e\u00ed na tom, co chcete za\u017e\u00edt. Pilot V\u00e1m i Va\u0161im p\u0159\u00e1tel\u016fm bude pln\u011b k dispozici, aby jste mohli str\u00e1vit kr\u00e1sn\u00fd den pln\u00fd z\u00e1\u017eitk\u016f. Let obvykle trv\u00e1 30 a\u017e 60 minut a ceny za\u010d\u00ednaj\u00ed na 3 500 korun\u00e1ch. <\/p>\n<p>Nab\u00edz\u00edme v\u00e1m jedine\u010dnou pod\u00edvanou na sv\u011bt, u kter\u00e9ho se v\u00e1m zataj\u00ed dech. M\u00edsta zn\u00e1m\u00e1, ale i nezn\u00e1ma, kter\u00e1 v\u00e1s znova a znova okouzl\u00ed. Vyzkou\u0161ejte si ten nepopsateln\u00fd pocit vid\u011bt sv\u011bt pohledem, kter\u00fd \u010dlov\u011bk z\u00e1vid\u00ed pt\u00e1k\u016fm. <\/p>\n<p>Z\u00e1\u017eitkov\u00e9 l\u00e9t\u00e1n\u00ed nen\u00ed ur\u010deno jenom pro mlad\u00e9. Spolehliv\u011b vyvol\u00e1v\u00e1 \u00fasm\u011bv a adrenal\u00ednov\u00e9 okouzlen\u00ed v ka\u017ed\u00e9m v\u011bku.<\/p>\n\n<table id=\"tablepress-1\" class=\"tablepress tablepress-id-1\">\n<tbody class=\"row-hover\">\n<tr class=\"row-1\">\n\t<td class=\"column-1\"><a href=\"http:\/\/www.leteckykuryr.cz\/wp-content\/uploads\/2018\/07\/IMG_20180416_102052.jpg\"><img src=\"http:\/\/www.leteckykuryr.cz\/wp-content\/uploads\/2018\/07\/IMG_20180416_102052-300x169.jpg\" alt=\"\" width=\"300\" height=\"169\" class=\"alignright size-medium wp-image-258\" \/><\/a><\/td><td class=\"column-2\"><a href=\"http:\/\/www.leteckykuryr.cz\/wp-content\/uploads\/2018\/07\/IMG_20180416_095035.jpg\"><img src=\"http:\/\/www.leteckykuryr.cz\/wp-content\/uploads\/2018\/07\/IMG_20180416_095035-300x169.jpg\" alt=\"\" width=\"300\" height=\"169\" class=\"alignright size-medium wp-image-259\" \/><\/a><\/td>\n<\/tr>\n<\/tbody>\n<\/table>\n<!-- #tablepress-1 from cache -->\n<p>Pro dotazy nebo objedn\u00e1n\u00ed volejte <strong>+420 603 357 430<\/strong> nebo <a href=\"http:\/\/www.leteckykuryr.cz\/index.php\/objednavky\/\">n\u00e1m napi\u0161te<\/a>.<\/p>\n","protected":false},"excerpt":{"rendered":"<p>D\u016fle\u017eit\u00e9 upozorn\u011bn\u00ed &#8211; l\u00e9t\u00e1n\u00ed zp\u016fsobuje t\u011b\u017ekou z\u00e1vislost \ud83d\ude42 Je v\u011bdecky dok\u00e1zan\u00e9, \u017ee l\u00e9t\u00e1n\u00ed m\u011bn\u00ed osobnost. Kdo jednou zkusil, u\u017e neodol\u00e1. A\u0165 u\u017e se jedn\u00e1 o poklidn\u00e9 koch\u00e1n\u00ed se krajinou nebo p\u0159et\u00ed\u017een\u00ed n\u011bkolika G v adrenal\u00ednov\u00fdch akrobatick\u00fdch man\u00e9vrech, ka\u017ed\u00fd takov\u00fd z\u00e1\u017eitek vykouzl\u00ed \u00fasm\u011bv od ucha k uchu a mozek chce po\u0159\u00e1d v\u00edce a v\u00edce. Ide\u00e1ln\u00ed d\u00e1rek, [&hellip;]<\/p>\n","protected":false},"author":1,"featured_media":0,"parent":0,"menu_order":0,"comment_status":"closed","ping_status":"closed","template":"","meta":{"om_disable_all_campaigns":false,"_monsterinsights_skip_tracking":false,"_monsterinsights_sitenote_active":false,"_monsterinsights_sitenote_note":"","_monsterinsights_sitenote_category":0},"aioseo_notices":[],"_links":{"self":[{"href":"https:\/\/www.leteckykuryr.cz\/index.php\/wp-json\/wp\/v2\/pages\/32"}],"collection":[{"href":"https:\/\/www.leteckykuryr.cz\/index.php\/wp-json\/wp\/v2\/pages"}],"about":[{"href":"https:\/\/www.leteckykuryr.cz\/index.php\/wp-json\/wp\/v2\/types\/page"}],"author":[{"embeddable":true,"href":"https:\/\/www.leteckykuryr.cz\/index.php\/wp-json\/wp\/v2\/users\/1"}],"replies":[{"embeddable":true,"href":"https:\/\/www.leteckykuryr.cz\/index.php\/wp-json\/wp\/v2\/comments?post=32"}],"version-history":[{"count":32,"href":"https:\/\/www.leteckykuryr.cz\/index.php\/wp-json\/wp\/v2\/pages\/32\/revisions"}],"predecessor-version":[{"id":264,"href":"https:\/\/www.leteckykuryr.cz\/index.php\/wp-json\/wp\/v2\/pages\/32\/revisions\/264"}],"wp:attachment":[{"href":"https:\/\/www.leteckykuryr.cz\/index.php\/wp-json\/wp\/v2\/media?parent=32"}],"curies":[{"name":"wp","href":"https:\/\/api.w.org\/{rel}","templated":true}]}}