{"id":31,"date":"2018-06-03T21:22:30","date_gmt":"2018-06-03T21:22:30","guid":{"rendered":"http:\/\/www.leteckykuryr.cz\/?page_id=31"},"modified":"2018-06-29T08:18:46","modified_gmt":"2018-06-29T08:18:46","slug":"letecka-cargo-doprava","status":"publish","type":"page","link":"https:\/\/www.leteckykuryr.cz\/index.php\/letecka-cargo-doprava\/","title":{"rendered":"Cargo"},"content":{"rendered":"<p>Nejrychlej\u0161\u00ed p\u0159eprava cargo z\u00e1silek v r\u00e1mci Evropy. Ide\u00e1ln\u00ed zp\u016fsob pro doru\u010den\u00ed na m\u00edsto ur\u010den\u00ed v pr\u016fb\u011bhu n\u011bkolika m\u00e1lo hodin. Pokud skute\u010dn\u011b sp\u011bch\u00e1te, pokud se Vy nebo Va\u0161e spole\u010dnost neobejde bez konkr\u00e9tn\u00edho materi\u00e1lu nebo p\u0159\u00edstroje, je leteck\u00e1 cargo doprava t\u00edm prav\u00fdm. Poskytujeme individu\u00e1ln\u00ed \u0159e\u0161en\u00ed leteck\u00e9 p\u0159epravy pro p\u0159\u00edpad term\u00ednov\u011b kritick\u00fdch dod\u00e1vek, pro k\u0159ehk\u00fd nebo drah\u00fd n\u00e1klad nebo zbo\u017e\u00ed ur\u010den\u00e9 do \u0161patn\u011b dostupn\u00fdch m\u00edst v \u010cesk\u00e9 Republice nebo zahrani\u010d\u00ed.<\/p>\n<p>Cargo leteck\u00e1 doprava je pro v\u0161echny, kde se p\u0159i doru\u010den\u00ed vy\u017eaduje maxim\u00e1ln\u00ed spolehlivost. Dle Va\u0161\u00edch pot\u0159eb jsme schopni p\u0159ipravit individu\u00e1ln\u00ed nab\u00eddku s ohledem na v\u00e1\u0161 rozpo\u010det, velikost a hmotnost z\u00e1silky \u010di flexibilitu \u010dasu dod\u00e1n\u00ed. V\u0161echny cenov\u00e9 nab\u00eddky jsou fin\u00e1ln\u00ed tj. v\u010detn\u011b v\u0161ech poplatk\u016f za palivo, leti\u0161tn\u00edch tax nebo bezpe\u010dnostn\u00edch p\u0159\u00edplatk\u016f, poji\u0161t\u011bn\u00ed z\u00e1silek je samoz\u0159ejmost\u00ed.<br \/>\nGarantujeme dodr\u017eov\u00e1n\u00ed mezin\u00e1rodn\u00edch standard\u016f, aktivn\u00ed monitoring, plnou informovanost o stavu a p\u0159ehled o aktu\u00e1ln\u00edch i pl\u00e1novan\u00fdch pohybech va\u0161ich z\u00e1silek.<\/p>\n<p>Pro dotazy nebo objedn\u00e1n\u00ed volejte <strong>+420 603 357 430<\/strong> nebo <a href=\"http:\/\/www.leteckykuryr.cz\/index.php\/objednavky\/\">n\u00e1m napi\u0161te<\/a>.<\/p>\n","protected":false},"excerpt":{"rendered":"<p>Nejrychlej\u0161\u00ed p\u0159eprava cargo z\u00e1silek v r\u00e1mci Evropy. Ide\u00e1ln\u00ed zp\u016fsob pro doru\u010den\u00ed na m\u00edsto ur\u010den\u00ed v pr\u016fb\u011bhu n\u011bkolika m\u00e1lo hodin. Pokud skute\u010dn\u011b sp\u011bch\u00e1te, pokud se Vy nebo Va\u0161e spole\u010dnost neobejde bez konkr\u00e9tn\u00edho materi\u00e1lu nebo p\u0159\u00edstroje, je leteck\u00e1 cargo doprava t\u00edm prav\u00fdm. Poskytujeme individu\u00e1ln\u00ed \u0159e\u0161en\u00ed leteck\u00e9 p\u0159epravy pro p\u0159\u00edpad term\u00ednov\u011b kritick\u00fdch dod\u00e1vek, pro k\u0159ehk\u00fd nebo drah\u00fd n\u00e1klad [&hellip;]<\/p>\n","protected":false},"author":1,"featured_media":0,"parent":0,"menu_order":0,"comment_status":"closed","ping_status":"closed","template":"","meta":{"om_disable_all_campaigns":false,"_monsterinsights_skip_tracking":false,"_monsterinsights_sitenote_active":false,"_monsterinsights_sitenote_note":"","_monsterinsights_sitenote_category":0},"aioseo_notices":[],"_links":{"self":[{"href":"https:\/\/www.leteckykuryr.cz\/index.php\/wp-json\/wp\/v2\/pages\/31"}],"collection":[{"href":"https:\/\/www.leteckykuryr.cz\/index.php\/wp-json\/wp\/v2\/pages"}],"about":[{"href":"https:\/\/www.leteckykuryr.cz\/index.php\/wp-json\/wp\/v2\/types\/page"}],"author":[{"embeddable":true,"href":"https:\/\/www.leteckykuryr.cz\/index.php\/wp-json\/wp\/v2\/users\/1"}],"replies":[{"embeddable":true,"href":"https:\/\/www.leteckykuryr.cz\/index.php\/wp-json\/wp\/v2\/comments?post=31"}],"version-history":[{"count":3,"href":"https:\/\/www.leteckykuryr.cz\/index.php\/wp-json\/wp\/v2\/pages\/31\/revisions"}],"predecessor-version":[{"id":214,"href":"https:\/\/www.leteckykuryr.cz\/index.php\/wp-json\/wp\/v2\/pages\/31\/revisions\/214"}],"wp:attachment":[{"href":"https:\/\/www.leteckykuryr.cz\/index.php\/wp-json\/wp\/v2\/media?parent=31"}],"curies":[{"name":"wp","href":"https:\/\/api.w.org\/{rel}","templated":true}]}}